{"id":2,"date":"2016-05-10T03:48:21","date_gmt":"2016-05-10T03:48:21","guid":{"rendered":"http:\/\/bellevuecemetery.ca\/?page_id=2"},"modified":"2025-11-12T13:01:33","modified_gmt":"2025-11-12T18:01:33","slug":"home","status":"publish","type":"page","link":"http:\/\/bellevuecemetery.ca\/","title":{"rendered":"Home"},"content":{"rendered":"\n<p><\/p>\n\n\n\n<p class=\"has-medium-font-size\">Bellevue Cemetery is situated on approximately 10 acres of land in the Aylmer Sector of Gatineau, at the intersection of Aylmer and Allen Roads.<\/p>\n\n\n\n<p class=\"has-medium-font-size\">With history dating back to 1830, many significant pioneers of the Ottawa Valley rest here. You will still find many of those family names prominent within today\u2019s community.<\/p>\n\n\n\n<div class=\"wp-block-group has-medium-font-size\"><div class=\"wp-block-group__inner-container is-layout-flow wp-block-group-is-layout-flow\">\n<div class=\"wp-block-group\"><div class=\"wp-block-group__inner-container is-layout-flow wp-block-group-is-layout-flow\">\n<div class=\"wp-block-columns is-layout-flex wp-container-core-columns-is-layout-9d6595d7 wp-block-columns-is-layout-flex\">\n<div class=\"wp-block-column is-vertically-aligned-top is-layout-flow wp-block-column-is-layout-flow\" style=\"flex-basis:100%\"><\/div>\n<\/div>\n\n\n\n<div class=\"wp-block-group is-layout-grid wp-container-core-group-is-layout-9649a0d9 wp-block-group-is-layout-grid\">\n<figure class=\"wp-block-table wp-container-content-5f80b302\"><table class=\"has-fixed-layout\"><tbody><tr><td class=\"has-text-align-center\" data-align=\"center\">PUBLIC NOTICE<\/td><td class=\"has-text-align-center\" data-align=\"center\">AVIS PUBLIQUE<\/td><\/tr><tr><td class=\"has-text-align-center\" data-align=\"center\">Please note, vehicle access to the Bellevue cemetery is no longer available due to seasonal conditions. Gate closure as of November 12, 2025.<\/td><td class=\"has-text-align-center\" data-align=\"center\">Veuillez noter que l\u2019acc\u00e8s automobile au Cimeti\u00e8re Bellevue sera termin\u00e9 en date du 12 novembre 2025 due aux conditions hivernales.<\/td><\/tr><\/tbody><\/table><\/figure>\n<\/div>\n<\/div><\/div>\n\n\n\n<hr class=\"wp-block-separator has-alpha-channel-opacity is-style-default\"\/>\n<\/div><\/div>\n\n\n\n<figure class=\"wp-block-gallery has-nested-images columns-default is-cropped wp-block-gallery-1 is-layout-flex wp-block-gallery-is-layout-flex\"><\/figure>\n\n\n\n<p><\/p>\n","protected":false},"excerpt":{"rendered":"<p>Bellevue Cemetery is situated on approximately 10 acres of land in the Aylmer Sector of Gatineau, at the intersection of Aylmer and Allen Roads. With history dating back to 1830, many significant pioneers of the Ottawa Valley rest here. You will still find many of those family names prominent within today\u2019s community. PUBLIC NOTICE AVIS &hellip; <\/p>\n<p class=\"link-more\"><a href=\"http:\/\/bellevuecemetery.ca\/\" class=\"more-link\">Continue reading<span class=\"screen-reader-text\"> &#8220;Home&#8221;<\/span><\/a><\/p>\n","protected":false},"author":1,"featured_media":0,"parent":0,"menu_order":0,"comment_status":"closed","ping_status":"closed","template":"","meta":{"footnotes":""},"class_list":["post-2","page","type-page","status-publish","hentry"],"_links":{"self":[{"href":"http:\/\/bellevuecemetery.ca\/index.php?rest_route=\/wp\/v2\/pages\/2","targetHints":{"allow":["GET"]}}],"collection":[{"href":"http:\/\/bellevuecemetery.ca\/index.php?rest_route=\/wp\/v2\/pages"}],"about":[{"href":"http:\/\/bellevuecemetery.ca\/index.php?rest_route=\/wp\/v2\/types\/page"}],"author":[{"embeddable":true,"href":"http:\/\/bellevuecemetery.ca\/index.php?rest_route=\/wp\/v2\/users\/1"}],"replies":[{"embeddable":true,"href":"http:\/\/bellevuecemetery.ca\/index.php?rest_route=%2Fwp%2Fv2%2Fcomments&post=2"}],"version-history":[{"count":21,"href":"http:\/\/bellevuecemetery.ca\/index.php?rest_route=\/wp\/v2\/pages\/2\/revisions"}],"predecessor-version":[{"id":350,"href":"http:\/\/bellevuecemetery.ca\/index.php?rest_route=\/wp\/v2\/pages\/2\/revisions\/350"}],"wp:attachment":[{"href":"http:\/\/bellevuecemetery.ca\/index.php?rest_route=%2Fwp%2Fv2%2Fmedia&parent=2"}],"curies":[{"name":"wp","href":"https:\/\/api.w.org\/{rel}","templated":true}]}}