{"id":62,"date":"2021-02-26T21:07:23","date_gmt":"2021-02-26T21:07:23","guid":{"rendered":"http:\/\/bellevuecemetery.ca\/?page_id=62"},"modified":"2025-04-28T13:27:49","modified_gmt":"2025-04-28T17:27:49","slug":"contact","status":"publish","type":"page","link":"http:\/\/bellevuecemetery.ca\/?page_id=62","title":{"rendered":"Contact"},"content":{"rendered":"\n<p>Jacques Tardivel<\/p>\n\n\n\n<p>Telephone: (819) 431-4503<\/p>\n\n\n\n<p><a href=\"mailto:jtardivel@videotron.ca\">jtardivel@videotron.ca<\/a><\/p>\n\n\n\n<p class=\"has-medium-font-size\">Links<\/p>\n\n\n\n<p><a href=\"http:\/\/cemetery.canadagenweb.org\/\">CanadaGenWeb\u2019s Cemetery Project &#8211; Home Page<\/a><\/p>\n\n\n\n<p><a href=\"http:\/\/cemetery.canadagenweb.org\/cem-details\/?wpda_search_column_ASSIGNED=QCGAT0017\">CanadaGenWeb\u2019s Cemetery Project &#8211; Bellevue Cemetery Page<\/a><\/p>\n\n\n\n<p><a href=\"http:\/\/www.cimetieresduquebec.ca\/\">Les cimeti\u00e8res du Qu\u00e9bec en photos &#8211; Home Page<\/a><\/p>\n\n\n\n<p><a href=\"http:\/\/www.cimetieresduquebec.ca\/outaouais\/gatineau-aylmer-bellevue\/\">Les cimeti\u00e8res du Qu\u00e9bec &#8211; Bellevue Cemetery Page<\/a><\/p>\n\n\n\n<p><a href=\"http:\/\/www.findagrave.com\/\">Find A Grave &#8211; Home Page<\/a><\/p>\n\n\n\n<p><a href=\"http:\/\/www.findagrave.com\/cemetery\/1980157\/cimeti%C3%A8re-bellevue?\">Find A Grave &#8211; Bellevue Cemetery Page<\/a><\/p>\n\n\n\n<p><\/p>\n","protected":false},"excerpt":{"rendered":"<p>Jacques Tardivel Telephone: (819) 431-4503 jtardivel@videotron.ca Links CanadaGenWeb\u2019s Cemetery Project &#8211; Home Page CanadaGenWeb\u2019s Cemetery Project &#8211; Bellevue Cemetery Page Les cimeti\u00e8res du Qu\u00e9bec en photos &#8211; Home Page Les cimeti\u00e8res du Qu\u00e9bec &#8211; Bellevue Cemetery Page Find A Grave &#8211; Home Page Find A Grave &#8211; Bellevue Cemetery Page<\/p>\n","protected":false},"author":1,"featured_media":0,"parent":0,"menu_order":0,"comment_status":"closed","ping_status":"closed","template":"","meta":{"footnotes":""},"class_list":["post-62","page","type-page","status-publish","hentry"],"_links":{"self":[{"href":"http:\/\/bellevuecemetery.ca\/index.php?rest_route=\/wp\/v2\/pages\/62","targetHints":{"allow":["GET"]}}],"collection":[{"href":"http:\/\/bellevuecemetery.ca\/index.php?rest_route=\/wp\/v2\/pages"}],"about":[{"href":"http:\/\/bellevuecemetery.ca\/index.php?rest_route=\/wp\/v2\/types\/page"}],"author":[{"embeddable":true,"href":"http:\/\/bellevuecemetery.ca\/index.php?rest_route=\/wp\/v2\/users\/1"}],"replies":[{"embeddable":true,"href":"http:\/\/bellevuecemetery.ca\/index.php?rest_route=%2Fwp%2Fv2%2Fcomments&post=62"}],"version-history":[{"count":14,"href":"http:\/\/bellevuecemetery.ca\/index.php?rest_route=\/wp\/v2\/pages\/62\/revisions"}],"predecessor-version":[{"id":347,"href":"http:\/\/bellevuecemetery.ca\/index.php?rest_route=\/wp\/v2\/pages\/62\/revisions\/347"}],"wp:attachment":[{"href":"http:\/\/bellevuecemetery.ca\/index.php?rest_route=%2Fwp%2Fv2%2Fmedia&parent=62"}],"curies":[{"name":"wp","href":"https:\/\/api.w.org\/{rel}","templated":true}]}}